{"id":612,"date":"2025-06-10T18:07:27","date_gmt":"2025-06-10T16:07:27","guid":{"rendered":"https:\/\/grainesdevie.pyramid76.fr\/?page_id=612"},"modified":"2025-07-08T11:16:14","modified_gmt":"2025-07-08T09:16:14","slug":"decouverte","status":"publish","type":"page","link":"https:\/\/grainesdevie.pyramid76.fr\/?page_id=612","title":{"rendered":"Decouverte"},"content":{"rendered":"<p>[et_pb_section fb_built=\u00a0\u00bb1&Prime; _builder_version=\u00a0\u00bb4.27.4&Prime; _module_preset=\u00a0\u00bbdefault\u00a0\u00bb background_color=\u00a0\u00bb#c1b9f7&Prime; global_colors_info=\u00a0\u00bb{}\u00a0\u00bb][et_pb_row column_structure=\u00a0\u00bb1_2,1_2&Prime; _builder_version=\u00a0\u00bb4.27.4&Prime; _module_preset=\u00a0\u00bbdefault\u00a0\u00bb global_colors_info=\u00a0\u00bb{}\u00a0\u00bb][et_pb_column type=\u00a0\u00bb1_2&Prime; _builder_version=\u00a0\u00bb4.27.4&Prime; _module_preset=\u00a0\u00bbdefault\u00a0\u00bb global_colors_info=\u00a0\u00bb{}\u00a0\u00bb][et_pb_image src=\u00a0\u00bbhttp:\/\/grainesdevie.pyramid76.fr\/wp-content\/uploads\/2025\/02\/TC-2017-revu.png\u00a0\u00bb title_text=\u00a0\u00bbTC-2017-revu\u00a0\u00bb _builder_version=\u00a0\u00bb4.27.4&Prime; _module_preset=\u00a0\u00bbdefault\u00a0\u00bb global_colors_info=\u00a0\u00bb{}\u00a0\u00bb][\/et_pb_image][\/et_pb_column][et_pb_column type=\u00a0\u00bb1_2&Prime; _builder_version=\u00a0\u00bb4.27.4&Prime; _module_preset=\u00a0\u00bbdefault\u00a0\u00bb global_colors_info=\u00a0\u00bb{}\u00a0\u00bb][et_pb_text _builder_version=\u00a0\u00bb4.27.4&Prime; _module_preset=\u00a0\u00bbdefault\u00a0\u00bb min_height=\u00a0\u00bb175px\u00a0\u00bb global_colors_info=\u00a0\u00bb{}\u00a0\u00bb]<\/p>\n<p><strong><span style=\"font-size: x-large;\"><em>La d\u00e9couverte&#8230;<\/em> <\/span><\/strong><br \/>C&rsquo;est d\u00e9couvrir des paysages dans les randonn\u00e9es mais aussi et surtout d\u00e9couvrir d&rsquo;autres personnes et partager des choses avec elles.<\/p>\n<p>On peut ainsi \u00e9voluer ensemble et profiter, ou pas, des mani\u00e8res de faire des autres et de leurs astuces pour avancer;<\/p>\n<p>[\/et_pb_text][et_pb_button button_url=\u00a0\u00bbhttps:\/\/grainesdevie.pyramid76.fr\/?page_id=602&Prime; url_new_window=\u00a0\u00bbon\u00a0\u00bb button_text=\u00a0\u00bbContact\u00a0\u00bb _builder_version=\u00a0\u00bb4.27.4&Prime; _module_preset=\u00a0\u00bbdefault\u00a0\u00bb custom_button=\u00a0\u00bbon\u00a0\u00bb button_text_color=\u00a0\u00bb#0942a3&Prime; hover_enabled=\u00a0\u00bb0&Prime; global_colors_info=\u00a0\u00bb{}\u00a0\u00bb sticky_enabled=\u00a0\u00bb0&Prime;][\/et_pb_button][\/et_pb_column][\/et_pb_row][\/et_pb_section]<\/p>\n","protected":false},"excerpt":{"rendered":"<p>La d\u00e9couverte&#8230; C&rsquo;est d\u00e9couvrir des paysages dans les randonn\u00e9es mais aussi et surtout d\u00e9couvrir d&rsquo;autres personnes et partager des choses avec elles. On peut ainsi \u00e9voluer ensemble et profiter, ou pas, des mani\u00e8res de faire des autres et de leurs astuces pour avancer;<\/p>\n","protected":false},"author":1,"featured_media":0,"parent":0,"menu_order":0,"comment_status":"closed","ping_status":"closed","template":"","meta":{"_et_pb_use_builder":"on","_et_pb_old_content":"<!-- wp:divi\/placeholder \/-->","_et_gb_content_width":"","footnotes":""},"class_list":["post-612","page","type-page","status-publish","hentry"],"_links":{"self":[{"href":"https:\/\/grainesdevie.pyramid76.fr\/index.php?rest_route=\/wp\/v2\/pages\/612","targetHints":{"allow":["GET"]}}],"collection":[{"href":"https:\/\/grainesdevie.pyramid76.fr\/index.php?rest_route=\/wp\/v2\/pages"}],"about":[{"href":"https:\/\/grainesdevie.pyramid76.fr\/index.php?rest_route=\/wp\/v2\/types\/page"}],"author":[{"embeddable":true,"href":"https:\/\/grainesdevie.pyramid76.fr\/index.php?rest_route=\/wp\/v2\/users\/1"}],"replies":[{"embeddable":true,"href":"https:\/\/grainesdevie.pyramid76.fr\/index.php?rest_route=%2Fwp%2Fv2%2Fcomments&post=612"}],"version-history":[{"count":8,"href":"https:\/\/grainesdevie.pyramid76.fr\/index.php?rest_route=\/wp\/v2\/pages\/612\/revisions"}],"predecessor-version":[{"id":875,"href":"https:\/\/grainesdevie.pyramid76.fr\/index.php?rest_route=\/wp\/v2\/pages\/612\/revisions\/875"}],"wp:attachment":[{"href":"https:\/\/grainesdevie.pyramid76.fr\/index.php?rest_route=%2Fwp%2Fv2%2Fmedia&parent=612"}],"curies":[{"name":"wp","href":"https:\/\/api.w.org\/{rel}","templated":true}]}}